{"id":2,"date":"2022-09-26T01:16:41","date_gmt":"2022-09-26T01:16:41","guid":{"rendered":"http:\/\/oncocx.com\/?page_id=2"},"modified":"2022-10-01T20:08:23","modified_gmt":"2022-10-02T01:08:23","slug":"sample-page","status":"publish","type":"page","link":"https:\/\/oncocx.com\/?page_id=2","title":{"rendered":"+Info"},"content":{"rendered":"\n<blockquote class=\"wp-block-quote\"><p>Pertenezco a la red de diversas compa\u00f1\u00edas de seguros; tenga plena confianza que me <strong>ajustar\u00e9<\/strong> al tabulador de su aseguradora con el prop\u00f3sito de que usted no realice ning\u00fan desembolso en honorarios m\u00e9dicos.<\/p><\/blockquote>\n\n\n\n<p>&#8230;\u00bfrequiere una valoraci\u00f3n en la ciudad de M\u00e9xico?<\/p>\n\n\n\n<blockquote class=\"wp-block-quote\"><p>Con todo gusto puedo revisarle en el Centro M\u00e9dico Quir\u00fargico Escand\u00f3n (Alcald\u00eda Miguel Hidalgo); favor de ponerse en contacto de manera directa para agendar.<\/p><\/blockquote>\n\n\n\n<p>Recuerde que estamos aqu\u00ed para ayudar, tenga plena confianza en que siempre realizar\u00e9 mi mayor esfuerzo para cuidar de su salud o de sus familiares.<\/p>\n","protected":false},"excerpt":{"rendered":"<p>Pertenezco a la red de diversas compa\u00f1\u00edas de seguros; tenga plena confianza que me ajustar\u00e9 al tabulador de su aseguradora con el prop\u00f3sito de que usted no realice ning\u00fan desembolso en honorarios m\u00e9dicos. &#8230;\u00bfrequiere una valoraci\u00f3n en la ciudad de M\u00e9xico? Con todo gusto puedo revisarle en el Centro M\u00e9dico Quir\u00fargico Escand\u00f3n (Alcald\u00eda Miguel Hidalgo); &hellip;<\/p>\n<p class=\"read-more\"> <a class=\"\" href=\"https:\/\/oncocx.com\/?page_id=2\"> <span class=\"screen-reader-text\">+Info<\/span> Leer m\u00e1s &raquo;<\/a><\/p>\n","protected":false},"author":1,"featured_media":0,"parent":0,"menu_order":0,"comment_status":"closed","ping_status":"open","template":"","meta":{"site-sidebar-layout":"default","site-content-layout":"default","ast-global-header-display":"","ast-main-header-display":"","ast-hfb-above-header-display":"","ast-hfb-below-header-display":"","ast-hfb-mobile-header-display":"","site-post-title":"","ast-breadcrumbs-content":"","ast-featured-img":"","footer-sml-layout":"","theme-transparent-header-meta":"","adv-header-id-meta":"","stick-header-meta":"","header-above-stick-meta":"","header-main-stick-meta":"","header-below-stick-meta":""},"aioseo_notices":[],"_links":{"self":[{"href":"https:\/\/oncocx.com\/index.php?rest_route=\/wp\/v2\/pages\/2"}],"collection":[{"href":"https:\/\/oncocx.com\/index.php?rest_route=\/wp\/v2\/pages"}],"about":[{"href":"https:\/\/oncocx.com\/index.php?rest_route=\/wp\/v2\/types\/page"}],"author":[{"embeddable":true,"href":"https:\/\/oncocx.com\/index.php?rest_route=\/wp\/v2\/users\/1"}],"replies":[{"embeddable":true,"href":"https:\/\/oncocx.com\/index.php?rest_route=%2Fwp%2Fv2%2Fcomments&post=2"}],"version-history":[{"count":6,"href":"https:\/\/oncocx.com\/index.php?rest_route=\/wp\/v2\/pages\/2\/revisions"}],"predecessor-version":[{"id":1045,"href":"https:\/\/oncocx.com\/index.php?rest_route=\/wp\/v2\/pages\/2\/revisions\/1045"}],"wp:attachment":[{"href":"https:\/\/oncocx.com\/index.php?rest_route=%2Fwp%2Fv2%2Fmedia&parent=2"}],"curies":[{"name":"wp","href":"https:\/\/api.w.org\/{rel}","templated":true}]}}