{"id":1132,"date":"2022-12-24T01:52:40","date_gmt":"2022-12-24T06:52:40","guid":{"rendered":"https:\/\/oncocx.com\/?page_id=1132"},"modified":"2022-12-24T02:00:57","modified_gmt":"2022-12-24T07:00:57","slug":"sarcomas","status":"publish","type":"page","link":"https:\/\/oncocx.com\/?page_id=1132","title":{"rendered":"Sarcomas"},"content":{"rendered":"\t\t<div data-elementor-type=\"wp-page\" data-elementor-id=\"1132\" class=\"elementor elementor-1132\">\n\t\t\t\t\t\t<section class=\"elementor-section elementor-top-section elementor-element elementor-element-4c4295e elementor-section-boxed elementor-section-height-default elementor-section-height-default\" data-id=\"4c4295e\" data-element_type=\"section\">\n\t\t\t\t\t\t<div class=\"elementor-container elementor-column-gap-default\">\n\t\t\t\t\t<div class=\"elementor-column elementor-col-100 elementor-top-column elementor-element elementor-element-5719364\" data-id=\"5719364\" data-element_type=\"column\">\n\t\t\t<div class=\"elementor-widget-wrap elementor-element-populated\">\n\t\t\t\t\t\t<div class=\"elementor-element elementor-element-bbeafde elementor-widget elementor-widget-heading\" data-id=\"bbeafde\" data-element_type=\"widget\" data-widget_type=\"heading.default\">\n\t\t\t\t<div class=\"elementor-widget-container\">\n\t\t\t<style>\/*! elementor - v3.23.0 - 05-08-2024 *\/\n.elementor-heading-title{padding:0;margin:0;line-height:1}.elementor-widget-heading .elementor-heading-title[class*=elementor-size-]>a{color:inherit;font-size:inherit;line-height:inherit}.elementor-widget-heading .elementor-heading-title.elementor-size-small{font-size:15px}.elementor-widget-heading .elementor-heading-title.elementor-size-medium{font-size:19px}.elementor-widget-heading .elementor-heading-title.elementor-size-large{font-size:29px}.elementor-widget-heading .elementor-heading-title.elementor-size-xl{font-size:39px}.elementor-widget-heading .elementor-heading-title.elementor-size-xxl{font-size:59px}<\/style><h2 class=\"elementor-heading-title elementor-size-default\">Sarcomas<\/h2>\t\t<\/div>\n\t\t\t\t<\/div>\n\t\t\t\t\t<\/div>\n\t\t<\/div>\n\t\t\t\t\t<\/div>\n\t\t<\/section>\n\t\t\t\t<section class=\"elementor-section elementor-top-section elementor-element elementor-element-8fac025 elementor-section-boxed elementor-section-height-default elementor-section-height-default\" data-id=\"8fac025\" data-element_type=\"section\">\n\t\t\t\t\t\t<div class=\"elementor-container elementor-column-gap-default\">\n\t\t\t\t\t<div class=\"elementor-column elementor-col-100 elementor-top-column elementor-element elementor-element-dcbdefd\" data-id=\"dcbdefd\" data-element_type=\"column\">\n\t\t\t<div class=\"elementor-widget-wrap elementor-element-populated\">\n\t\t\t\t\t\t<div class=\"elementor-element elementor-element-5342cbe elementor-widget elementor-widget-text-editor\" data-id=\"5342cbe\" data-element_type=\"widget\" data-widget_type=\"text-editor.default\">\n\t\t\t\t<div class=\"elementor-widget-container\">\n\t\t\t<style>\/*! elementor - v3.23.0 - 05-08-2024 *\/\n.elementor-widget-text-editor.elementor-drop-cap-view-stacked .elementor-drop-cap{background-color:#69727d;color:#fff}.elementor-widget-text-editor.elementor-drop-cap-view-framed .elementor-drop-cap{color:#69727d;border:3px solid;background-color:transparent}.elementor-widget-text-editor:not(.elementor-drop-cap-view-default) .elementor-drop-cap{margin-top:8px}.elementor-widget-text-editor:not(.elementor-drop-cap-view-default) .elementor-drop-cap-letter{width:1em;height:1em}.elementor-widget-text-editor .elementor-drop-cap{float:left;text-align:center;line-height:1;font-size:50px}.elementor-widget-text-editor .elementor-drop-cap-letter{display:inline-block}<\/style>\t\t\t\t<p>Los sarcomas son tumores malignos infrecuentes (1% del total); tienen su origen en los tejidos de sost\u00e9n del organismo como lo son los m\u00fasculos, huesos, vasos sangu\u00edneos, nervios y lo mas frecuente: el tejido adiposo.&nbsp;<span style=\"font-style: inherit; font-weight: inherit; background-color: var(--ast-global-color-4); color: var(--ast-global-color-3);\">El hecho de pertenecer a un centro de referencia me permite contar con la experiencia suficiente para realizar las cirug\u00edas de este tipo de neoplasias de manera \u00f3ptima.&nbsp;<\/span><\/p>\t\t\t\t\t\t<\/div>\n\t\t\t\t<\/div>\n\t\t\t\t\t<\/div>\n\t\t<\/div>\n\t\t\t\t\t<\/div>\n\t\t<\/section>\n\t\t\t\t<section class=\"elementor-section elementor-top-section elementor-element elementor-element-2f7debf elementor-section-boxed elementor-section-height-default elementor-section-height-default\" data-id=\"2f7debf\" data-element_type=\"section\">\n\t\t\t\t\t\t<div class=\"elementor-container elementor-column-gap-default\">\n\t\t\t\t\t<div class=\"elementor-column elementor-col-50 elementor-top-column elementor-element elementor-element-970f666\" data-id=\"970f666\" data-element_type=\"column\">\n\t\t\t<div class=\"elementor-widget-wrap elementor-element-populated\">\n\t\t\t\t\t\t<div class=\"elementor-element elementor-element-c61dedb elementor-widget elementor-widget-text-editor\" data-id=\"c61dedb\" data-element_type=\"widget\" data-widget_type=\"text-editor.default\">\n\t\t\t\t<div class=\"elementor-widget-container\">\n\t\t\t\t\t\t\t<p>Presento el caso de un paciente masculino de 55 a\u00f1os de edad, con un tumor de larga evoluci\u00f3n (aproximadamente 2 a\u00f1os) con crecimiento lento y progresivo; inicialmente sin s\u00edntomas asociados. Se realiza resecci\u00f3n con m\u00e1rgenes amplios respetando el nervio ci\u00e1tico (compartamentectomia posterior de muslo derecho)<\/p>\t\t\t\t\t\t<\/div>\n\t\t\t\t<\/div>\n\t\t\t\t\t<\/div>\n\t\t<\/div>\n\t\t\t\t<div class=\"elementor-column elementor-col-50 elementor-top-column elementor-element elementor-element-2facc21\" data-id=\"2facc21\" data-element_type=\"column\">\n\t\t\t<div class=\"elementor-widget-wrap elementor-element-populated\">\n\t\t\t\t\t\t<div class=\"elementor-element elementor-element-064622f elementor-widget elementor-widget-image\" data-id=\"064622f\" data-element_type=\"widget\" data-widget_type=\"image.default\">\n\t\t\t\t<div class=\"elementor-widget-container\">\n\t\t\t<style>\/*! elementor - v3.23.0 - 05-08-2024 *\/\n.elementor-widget-image{text-align:center}.elementor-widget-image a{display:inline-block}.elementor-widget-image a img[src$=\".svg\"]{width:48px}.elementor-widget-image img{vertical-align:middle;display:inline-block}<\/style>\t\t\t\t\t\t\t\t\t\t<img fetchpriority=\"high\" width=\"1024\" height=\"430\" src=\"https:\/\/oncocx.com\/wp-content\/uploads\/2022\/12\/Captura-de-Pantalla-2022-12-24-a-las-12.53.40-a.m.-1024x430.png\" class=\"attachment-large size-large wp-image-1134\" alt=\"\" srcset=\"https:\/\/oncocx.com\/wp-content\/uploads\/2022\/12\/Captura-de-Pantalla-2022-12-24-a-las-12.53.40-a.m.-1024x430.png 1024w, https:\/\/oncocx.com\/wp-content\/uploads\/2022\/12\/Captura-de-Pantalla-2022-12-24-a-las-12.53.40-a.m.-300x126.png 300w, https:\/\/oncocx.com\/wp-content\/uploads\/2022\/12\/Captura-de-Pantalla-2022-12-24-a-las-12.53.40-a.m.-768x322.png 768w, https:\/\/oncocx.com\/wp-content\/uploads\/2022\/12\/Captura-de-Pantalla-2022-12-24-a-las-12.53.40-a.m..png 1189w\" sizes=\"(max-width: 1024px) 100vw, 1024px\" \/>\t\t\t\t\t\t\t\t\t\t\t\t\t<\/div>\n\t\t\t\t<\/div>\n\t\t\t\t\t<\/div>\n\t\t<\/div>\n\t\t\t\t\t<\/div>\n\t\t<\/section>\n\t\t\t\t<section class=\"elementor-section elementor-top-section elementor-element elementor-element-f767d01 elementor-section-boxed elementor-section-height-default elementor-section-height-default\" data-id=\"f767d01\" data-element_type=\"section\">\n\t\t\t\t\t\t<div class=\"elementor-container elementor-column-gap-default\">\n\t\t\t\t\t<div class=\"elementor-column elementor-col-50 elementor-top-column elementor-element elementor-element-61cf769\" data-id=\"61cf769\" data-element_type=\"column\">\n\t\t\t<div class=\"elementor-widget-wrap elementor-element-populated\">\n\t\t\t\t\t\t<div class=\"elementor-element elementor-element-5fcfba2 elementor-widget elementor-widget-image\" data-id=\"5fcfba2\" data-element_type=\"widget\" data-widget_type=\"image.default\">\n\t\t\t\t<div class=\"elementor-widget-container\">\n\t\t\t\t\t\t\t\t\t\t\t\t\t<img width=\"1024\" height=\"593\" src=\"https:\/\/oncocx.com\/wp-content\/uploads\/2022\/12\/Captura-de-Pantalla-2022-12-24-a-las-12.58.18-a.m.-1024x593.png\" class=\"attachment-large size-large wp-image-1135\" alt=\"\" srcset=\"https:\/\/oncocx.com\/wp-content\/uploads\/2022\/12\/Captura-de-Pantalla-2022-12-24-a-las-12.58.18-a.m.-1024x593.png 1024w, https:\/\/oncocx.com\/wp-content\/uploads\/2022\/12\/Captura-de-Pantalla-2022-12-24-a-las-12.58.18-a.m.-300x174.png 300w, https:\/\/oncocx.com\/wp-content\/uploads\/2022\/12\/Captura-de-Pantalla-2022-12-24-a-las-12.58.18-a.m.-768x444.png 768w, https:\/\/oncocx.com\/wp-content\/uploads\/2022\/12\/Captura-de-Pantalla-2022-12-24-a-las-12.58.18-a.m..png 1042w\" sizes=\"(max-width: 1024px) 100vw, 1024px\" \/>\t\t\t\t\t\t\t\t\t\t\t\t\t<\/div>\n\t\t\t\t<\/div>\n\t\t\t\t\t<\/div>\n\t\t<\/div>\n\t\t\t\t<div class=\"elementor-column elementor-col-50 elementor-top-column elementor-element elementor-element-b1955ef\" data-id=\"b1955ef\" data-element_type=\"column\">\n\t\t\t<div class=\"elementor-widget-wrap elementor-element-populated\">\n\t\t\t\t\t\t<div class=\"elementor-element elementor-element-254bdc0 elementor-widget elementor-widget-text-editor\" data-id=\"254bdc0\" data-element_type=\"widget\" data-widget_type=\"text-editor.default\">\n\t\t\t\t<div class=\"elementor-widget-container\">\n\t\t\t\t\t\t\t<p>Se realiza la cirug\u00eda sin incidentes (se aprecia el marcaje de la pieza con seda para la orientaci\u00f3n del pat\u00f3logo), el paciente egresa &#8220;por su propio pie&#8221; al segundo d\u00eda posquir\u00fargico.<\/p><p>En la \u00faltima imagen se aprecia la correcta cicatrizaci\u00f3n as\u00ed como la delimitaci\u00f3n de los campos de radioterapia adyuvante.<\/p>\t\t\t\t\t\t<\/div>\n\t\t\t\t<\/div>\n\t\t\t\t\t<\/div>\n\t\t<\/div>\n\t\t\t\t\t<\/div>\n\t\t<\/section>\n\t\t\t\t<\/div>\n\t\t","protected":false},"excerpt":{"rendered":"<p>Sarcomas Los sarcomas son tumores malignos infrecuentes (1% del total); tienen su origen en los tejidos de sost\u00e9n del organismo como lo son los m\u00fasculos, huesos, vasos sangu\u00edneos, nervios y lo mas frecuente: el tejido adiposo.&nbsp;El hecho de pertenecer a un centro de referencia me permite contar con la experiencia suficiente para realizar las cirug\u00edas &hellip;<\/p>\n<p class=\"read-more\"> <a class=\"\" href=\"https:\/\/oncocx.com\/?page_id=1132\"> <span class=\"screen-reader-text\">Sarcomas<\/span> Leer m\u00e1s &raquo;<\/a><\/p>\n","protected":false},"author":1,"featured_media":0,"parent":0,"menu_order":0,"comment_status":"closed","ping_status":"closed","template":"","meta":{"site-sidebar-layout":"no-sidebar","site-content-layout":"page-builder","ast-global-header-display":"","ast-main-header-display":"","ast-hfb-above-header-display":"","ast-hfb-below-header-display":"","ast-hfb-mobile-header-display":"","site-post-title":"disabled","ast-breadcrumbs-content":"","ast-featured-img":"disabled","footer-sml-layout":"","theme-transparent-header-meta":"","adv-header-id-meta":"","stick-header-meta":"","header-above-stick-meta":"","header-main-stick-meta":"","header-below-stick-meta":""},"aioseo_notices":[],"_links":{"self":[{"href":"https:\/\/oncocx.com\/index.php?rest_route=\/wp\/v2\/pages\/1132"}],"collection":[{"href":"https:\/\/oncocx.com\/index.php?rest_route=\/wp\/v2\/pages"}],"about":[{"href":"https:\/\/oncocx.com\/index.php?rest_route=\/wp\/v2\/types\/page"}],"author":[{"embeddable":true,"href":"https:\/\/oncocx.com\/index.php?rest_route=\/wp\/v2\/users\/1"}],"replies":[{"embeddable":true,"href":"https:\/\/oncocx.com\/index.php?rest_route=%2Fwp%2Fv2%2Fcomments&post=1132"}],"version-history":[{"count":4,"href":"https:\/\/oncocx.com\/index.php?rest_route=\/wp\/v2\/pages\/1132\/revisions"}],"predecessor-version":[{"id":1138,"href":"https:\/\/oncocx.com\/index.php?rest_route=\/wp\/v2\/pages\/1132\/revisions\/1138"}],"wp:attachment":[{"href":"https:\/\/oncocx.com\/index.php?rest_route=%2Fwp%2Fv2%2Fmedia&parent=1132"}],"curies":[{"name":"wp","href":"https:\/\/api.w.org\/{rel}","templated":true}]}}