{"id":1111,"date":"2022-12-22T00:32:48","date_gmt":"2022-12-22T05:32:48","guid":{"rendered":"https:\/\/oncocx.com\/?page_id=1111"},"modified":"2022-12-22T01:09:20","modified_gmt":"2022-12-22T06:09:20","slug":"cancer-de-mama","status":"publish","type":"page","link":"https:\/\/oncocx.com\/?page_id=1111","title":{"rendered":"C\u00e1ncer de mama"},"content":{"rendered":"\t\t<div data-elementor-type=\"wp-page\" data-elementor-id=\"1111\" class=\"elementor elementor-1111\">\n\t\t\t\t\t\t<section class=\"elementor-section elementor-top-section elementor-element elementor-element-9407307 elementor-section-boxed elementor-section-height-default elementor-section-height-default\" data-id=\"9407307\" data-element_type=\"section\">\n\t\t\t\t\t\t<div class=\"elementor-container elementor-column-gap-default\">\n\t\t\t\t\t<div class=\"elementor-column elementor-col-100 elementor-top-column elementor-element elementor-element-b5db7ef\" data-id=\"b5db7ef\" data-element_type=\"column\">\n\t\t\t<div class=\"elementor-widget-wrap elementor-element-populated\">\n\t\t\t\t\t\t<div class=\"elementor-element elementor-element-647f46c elementor-widget elementor-widget-heading\" data-id=\"647f46c\" data-element_type=\"widget\" data-widget_type=\"heading.default\">\n\t\t\t\t<div class=\"elementor-widget-container\">\n\t\t\t<style>\/*! elementor - v3.23.0 - 05-08-2024 *\/\n.elementor-heading-title{padding:0;margin:0;line-height:1}.elementor-widget-heading .elementor-heading-title[class*=elementor-size-]>a{color:inherit;font-size:inherit;line-height:inherit}.elementor-widget-heading .elementor-heading-title.elementor-size-small{font-size:15px}.elementor-widget-heading .elementor-heading-title.elementor-size-medium{font-size:19px}.elementor-widget-heading .elementor-heading-title.elementor-size-large{font-size:29px}.elementor-widget-heading .elementor-heading-title.elementor-size-xl{font-size:39px}.elementor-widget-heading .elementor-heading-title.elementor-size-xxl{font-size:59px}<\/style><h2 class=\"elementor-heading-title elementor-size-default\">C\u00e1ncer de mama<\/h2>\t\t<\/div>\n\t\t\t\t<\/div>\n\t\t\t\t\t<\/div>\n\t\t<\/div>\n\t\t\t\t\t<\/div>\n\t\t<\/section>\n\t\t\t\t<section class=\"elementor-section elementor-top-section elementor-element elementor-element-e0b6172 elementor-section-boxed elementor-section-height-default elementor-section-height-default\" data-id=\"e0b6172\" data-element_type=\"section\">\n\t\t\t\t\t\t<div class=\"elementor-container elementor-column-gap-default\">\n\t\t\t\t\t<div class=\"elementor-column elementor-col-33 elementor-top-column elementor-element elementor-element-bcb9e40\" data-id=\"bcb9e40\" data-element_type=\"column\">\n\t\t\t<div class=\"elementor-widget-wrap elementor-element-populated\">\n\t\t\t\t\t\t<div class=\"elementor-element elementor-element-ddc55d6 elementor-widget elementor-widget-text-editor\" data-id=\"ddc55d6\" data-element_type=\"widget\" data-widget_type=\"text-editor.default\">\n\t\t\t\t<div class=\"elementor-widget-container\">\n\t\t\t<style>\/*! elementor - v3.23.0 - 05-08-2024 *\/\n.elementor-widget-text-editor.elementor-drop-cap-view-stacked .elementor-drop-cap{background-color:#69727d;color:#fff}.elementor-widget-text-editor.elementor-drop-cap-view-framed .elementor-drop-cap{color:#69727d;border:3px solid;background-color:transparent}.elementor-widget-text-editor:not(.elementor-drop-cap-view-default) .elementor-drop-cap{margin-top:8px}.elementor-widget-text-editor:not(.elementor-drop-cap-view-default) .elementor-drop-cap-letter{width:1em;height:1em}.elementor-widget-text-editor .elementor-drop-cap{float:left;text-align:center;line-height:1;font-size:50px}.elementor-widget-text-editor .elementor-drop-cap-letter{display:inline-block}<\/style>\t\t\t\t<p>Sin duda el c\u00e1ncer de mama es una de las neoplasias con mayor prevalencia a nivel global.\u00a0La mastograf\u00eda es una herramienta de mucha utilidad, en caso de sospecha\u00a0 siempre debe realizarse una biopsia; se muestra el tejido obtenido en mi consultorio (bajo anestesia local) de un tumor mamario mediante biopsia con aguja trucut.<\/p>\t\t\t\t\t\t<\/div>\n\t\t\t\t<\/div>\n\t\t\t\t\t<\/div>\n\t\t<\/div>\n\t\t\t\t<div class=\"elementor-column elementor-col-33 elementor-top-column elementor-element elementor-element-090fcc6\" data-id=\"090fcc6\" data-element_type=\"column\">\n\t\t\t<div class=\"elementor-widget-wrap elementor-element-populated\">\n\t\t\t\t\t\t<div class=\"elementor-element elementor-element-483bd3a elementor-widget elementor-widget-image\" data-id=\"483bd3a\" data-element_type=\"widget\" data-widget_type=\"image.default\">\n\t\t\t\t<div class=\"elementor-widget-container\">\n\t\t\t<style>\/*! elementor - v3.23.0 - 05-08-2024 *\/\n.elementor-widget-image{text-align:center}.elementor-widget-image a{display:inline-block}.elementor-widget-image a img[src$=\".svg\"]{width:48px}.elementor-widget-image img{vertical-align:middle;display:inline-block}<\/style>\t\t\t\t\t\t\t\t\t\t<img fetchpriority=\"high\" width=\"219\" height=\"300\" src=\"https:\/\/oncocx.com\/wp-content\/uploads\/2022\/12\/Masto-B4-219x300.jpg\" class=\"attachment-medium size-medium wp-image-1118\" alt=\"\" srcset=\"https:\/\/oncocx.com\/wp-content\/uploads\/2022\/12\/Masto-B4-219x300.jpg 219w, https:\/\/oncocx.com\/wp-content\/uploads\/2022\/12\/Masto-B4-747x1024.jpg 747w, https:\/\/oncocx.com\/wp-content\/uploads\/2022\/12\/Masto-B4-768x1052.jpg 768w, https:\/\/oncocx.com\/wp-content\/uploads\/2022\/12\/Masto-B4.jpg 1057w\" sizes=\"(max-width: 219px) 100vw, 219px\" \/>\t\t\t\t\t\t\t\t\t\t\t\t\t<\/div>\n\t\t\t\t<\/div>\n\t\t\t\t\t<\/div>\n\t\t<\/div>\n\t\t\t\t<div class=\"elementor-column elementor-col-33 elementor-top-column elementor-element elementor-element-6d2c497\" data-id=\"6d2c497\" data-element_type=\"column\">\n\t\t\t<div class=\"elementor-widget-wrap elementor-element-populated\">\n\t\t\t\t\t\t<div class=\"elementor-element elementor-element-bcd1773 elementor-widget elementor-widget-image\" data-id=\"bcd1773\" data-element_type=\"widget\" data-widget_type=\"image.default\">\n\t\t\t\t<div class=\"elementor-widget-container\">\n\t\t\t\t\t\t\t\t\t\t\t\t\t<img width=\"1024\" height=\"768\" src=\"https:\/\/oncocx.com\/wp-content\/uploads\/2022\/12\/20221209_164215-1024x768.jpg\" class=\"attachment-large size-large wp-image-1119\" alt=\"\" srcset=\"https:\/\/oncocx.com\/wp-content\/uploads\/2022\/12\/20221209_164215-1024x768.jpg 1024w, https:\/\/oncocx.com\/wp-content\/uploads\/2022\/12\/20221209_164215-300x225.jpg 300w, https:\/\/oncocx.com\/wp-content\/uploads\/2022\/12\/20221209_164215-768x576.jpg 768w, https:\/\/oncocx.com\/wp-content\/uploads\/2022\/12\/20221209_164215-1536x1152.jpg 1536w, https:\/\/oncocx.com\/wp-content\/uploads\/2022\/12\/20221209_164215-2048x1536.jpg 2048w\" sizes=\"(max-width: 1024px) 100vw, 1024px\" \/>\t\t\t\t\t\t\t\t\t\t\t\t\t<\/div>\n\t\t\t\t<\/div>\n\t\t\t\t\t<\/div>\n\t\t<\/div>\n\t\t\t\t\t<\/div>\n\t\t<\/section>\n\t\t\t\t<section class=\"elementor-section elementor-top-section elementor-element elementor-element-5453338 elementor-section-boxed elementor-section-height-default elementor-section-height-default\" data-id=\"5453338\" data-element_type=\"section\">\n\t\t\t\t\t\t<div class=\"elementor-container elementor-column-gap-default\">\n\t\t\t\t\t<div class=\"elementor-column elementor-col-50 elementor-top-column elementor-element elementor-element-2a17d63\" data-id=\"2a17d63\" data-element_type=\"column\">\n\t\t\t<div class=\"elementor-widget-wrap elementor-element-populated\">\n\t\t\t\t\t\t<div class=\"elementor-element elementor-element-d53f027 elementor-widget elementor-widget-text-editor\" data-id=\"d53f027\" data-element_type=\"widget\" data-widget_type=\"text-editor.default\">\n\t\t\t\t<div class=\"elementor-widget-container\">\n\t\t\t\t\t\t\t<p>En la actualidad podemos tratar el c\u00e1ncer de mama sin necesidad de retirar la gl\u00e1ndula completa. Cuento con entrenamiento para realizar tanto cirug\u00edas conservadoras como radicales. En la imagen se presenta el caso de una paciente de 52 a\u00f1os de edad a quien se le realiz\u00f3 una resecci\u00f3n completa del tumor y ganglio centinela. Actualmente se encuentra en vigilancia y sin datos de recurrencia<\/p>\t\t\t\t\t\t<\/div>\n\t\t\t\t<\/div>\n\t\t\t\t\t<\/div>\n\t\t<\/div>\n\t\t\t\t<div class=\"elementor-column elementor-col-50 elementor-top-column elementor-element elementor-element-be7cee8\" data-id=\"be7cee8\" data-element_type=\"column\">\n\t\t\t<div class=\"elementor-widget-wrap elementor-element-populated\">\n\t\t\t\t\t\t<div class=\"elementor-element elementor-element-c4a485c elementor-widget elementor-widget-image\" data-id=\"c4a485c\" data-element_type=\"widget\" data-widget_type=\"image.default\">\n\t\t\t\t<div class=\"elementor-widget-container\">\n\t\t\t\t\t\t\t\t\t\t\t\t\t<img width=\"836\" height=\"773\" src=\"https:\/\/oncocx.com\/wp-content\/uploads\/2022\/09\/IMG-20220928-WA0000.jpg\" class=\"attachment-large size-large wp-image-928\" alt=\"\" srcset=\"https:\/\/oncocx.com\/wp-content\/uploads\/2022\/09\/IMG-20220928-WA0000.jpg 836w, https:\/\/oncocx.com\/wp-content\/uploads\/2022\/09\/IMG-20220928-WA0000-300x277.jpg 300w, https:\/\/oncocx.com\/wp-content\/uploads\/2022\/09\/IMG-20220928-WA0000-768x710.jpg 768w\" sizes=\"(max-width: 836px) 100vw, 836px\" \/>\t\t\t\t\t\t\t\t\t\t\t\t\t<\/div>\n\t\t\t\t<\/div>\n\t\t\t\t\t<\/div>\n\t\t<\/div>\n\t\t\t\t\t<\/div>\n\t\t<\/section>\n\t\t\t\t<section class=\"elementor-section elementor-top-section elementor-element elementor-element-b379dd8 elementor-section-boxed elementor-section-height-default elementor-section-height-default\" data-id=\"b379dd8\" data-element_type=\"section\">\n\t\t\t\t\t\t<div class=\"elementor-container elementor-column-gap-default\">\n\t\t\t\t\t<div class=\"elementor-column elementor-col-100 elementor-top-column elementor-element elementor-element-617c40f\" data-id=\"617c40f\" data-element_type=\"column\">\n\t\t\t<div class=\"elementor-widget-wrap elementor-element-populated\">\n\t\t\t\t\t\t<div class=\"elementor-element elementor-element-f83d6dd elementor-widget elementor-widget-image\" data-id=\"f83d6dd\" data-element_type=\"widget\" data-widget_type=\"image.default\">\n\t\t\t\t<div class=\"elementor-widget-container\">\n\t\t\t\t\t\t\t\t\t\t\t\t\t<img loading=\"lazy\" width=\"1024\" height=\"733\" src=\"https:\/\/oncocx.com\/wp-content\/uploads\/2022\/12\/Constancia-Oncoplastica-Mazatlan-1024x733.jpg\" class=\"attachment-large size-large wp-image-1116\" alt=\"\" srcset=\"https:\/\/oncocx.com\/wp-content\/uploads\/2022\/12\/Constancia-Oncoplastica-Mazatlan-1024x733.jpg 1024w, https:\/\/oncocx.com\/wp-content\/uploads\/2022\/12\/Constancia-Oncoplastica-Mazatlan-300x215.jpg 300w, https:\/\/oncocx.com\/wp-content\/uploads\/2022\/12\/Constancia-Oncoplastica-Mazatlan-768x550.jpg 768w, https:\/\/oncocx.com\/wp-content\/uploads\/2022\/12\/Constancia-Oncoplastica-Mazatlan-1536x1100.jpg 1536w, https:\/\/oncocx.com\/wp-content\/uploads\/2022\/12\/Constancia-Oncoplastica-Mazatlan-2048x1467.jpg 2048w\" sizes=\"(max-width: 1024px) 100vw, 1024px\" \/>\t\t\t\t\t\t\t\t\t\t\t\t\t<\/div>\n\t\t\t\t<\/div>\n\t\t\t\t\t<\/div>\n\t\t<\/div>\n\t\t\t\t\t<\/div>\n\t\t<\/section>\n\t\t\t\t<\/div>\n\t\t","protected":false},"excerpt":{"rendered":"<p>C\u00e1ncer de mama Sin duda el c\u00e1ncer de mama es una de las neoplasias con mayor prevalencia a nivel global.\u00a0La mastograf\u00eda es una herramienta de mucha utilidad, en caso de sospecha\u00a0 siempre debe realizarse una biopsia; se muestra el tejido obtenido en mi consultorio (bajo anestesia local) de un tumor mamario mediante biopsia con aguja &hellip;<\/p>\n<p class=\"read-more\"> <a class=\"\" href=\"https:\/\/oncocx.com\/?page_id=1111\"> <span class=\"screen-reader-text\">C\u00e1ncer de mama<\/span> Leer m\u00e1s &raquo;<\/a><\/p>\n","protected":false},"author":1,"featured_media":0,"parent":0,"menu_order":0,"comment_status":"closed","ping_status":"closed","template":"","meta":{"site-sidebar-layout":"no-sidebar","site-content-layout":"page-builder","ast-global-header-display":"","ast-main-header-display":"","ast-hfb-above-header-display":"","ast-hfb-below-header-display":"","ast-hfb-mobile-header-display":"","site-post-title":"disabled","ast-breadcrumbs-content":"","ast-featured-img":"disabled","footer-sml-layout":"","theme-transparent-header-meta":"","adv-header-id-meta":"","stick-header-meta":"","header-above-stick-meta":"","header-main-stick-meta":"","header-below-stick-meta":""},"aioseo_notices":[],"_links":{"self":[{"href":"https:\/\/oncocx.com\/index.php?rest_route=\/wp\/v2\/pages\/1111"}],"collection":[{"href":"https:\/\/oncocx.com\/index.php?rest_route=\/wp\/v2\/pages"}],"about":[{"href":"https:\/\/oncocx.com\/index.php?rest_route=\/wp\/v2\/types\/page"}],"author":[{"embeddable":true,"href":"https:\/\/oncocx.com\/index.php?rest_route=\/wp\/v2\/users\/1"}],"replies":[{"embeddable":true,"href":"https:\/\/oncocx.com\/index.php?rest_route=%2Fwp%2Fv2%2Fcomments&post=1111"}],"version-history":[{"count":13,"href":"https:\/\/oncocx.com\/index.php?rest_route=\/wp\/v2\/pages\/1111\/revisions"}],"predecessor-version":[{"id":1131,"href":"https:\/\/oncocx.com\/index.php?rest_route=\/wp\/v2\/pages\/1111\/revisions\/1131"}],"wp:attachment":[{"href":"https:\/\/oncocx.com\/index.php?rest_route=%2Fwp%2Fv2%2Fmedia&parent=1111"}],"curies":[{"name":"wp","href":"https:\/\/api.w.org\/{rel}","templated":true}]}}